{"id":9989,"date":"2023-09-28T09:43:56","date_gmt":"2023-09-28T07:43:56","guid":{"rendered":"https:\/\/lukedivewalker.com\/?page_id=9989"},"modified":"2023-09-28T15:18:07","modified_gmt":"2023-09-28T13:18:07","slug":"niemcy-kamieniolom-steina","status":"publish","type":"page","link":"https:\/\/lukedivewalker.com\/?page_id=9989","title":{"rendered":"Niemcy &#8211; kamienio\u0142om Steina"},"content":{"rendered":"<p>[vc_row][vc_column][phoxy_banner style_banner=&#8221;parallax&#8221; title=&#8221;Steina&#8221; subtitle=&#8221;Jeden z sakso\u0144skich kamienio\u0142om\u00f3w, nieopodal miejscowo\u015bci Pulsnitz&#8221; text=&#8221;Nowoczesna baza, komfortowe warunki, masywne \u015bcianki i pot\u0119\u017cne karpie.&#8221; image=&#8221;10008&#8243;][\/vc_column][\/vc_row][vc_row][vc_column][phoxy_gallery type=&#8221;tilt_gallery&#8221; images=&#8221;10011,10005,9994,10006,9998,10010,9991,10004,9992,9999,10003,10007,10000,9993,10001,10008,10009,10002,9995,9996,9997&#8243;][\/vc_column][\/vc_row][vc_row][vc_column][phoxy_instagram style=&#8221;style1&#8243; username=&#8221;luke.divewalker&#8221;][\/vc_column][\/vc_row]<\/p>\n","protected":false},"excerpt":{"rendered":"<p>[vc_row][vc_column][phoxy_banner style_banner=&#8221;parallax&#8221; title=&#8221;Steina&#8221; subtitle=&#8221;Jeden z sakso\u0144skich kamienio\u0142om\u00f3w, nieopodal miejscowo\u015bci Pulsnitz&#8221; text=&#8221;Nowoczesna baza, komfortowe warunki, masywne \u015bcianki i pot\u0119\u017cne karpie.&#8221; image=&#8221;10008&#8243;][\/vc_column][\/vc_row][vc_row][vc_column][phoxy_gallery type=&#8221;tilt_gallery&#8221; images=&#8221;10011,10005,9994,10006,9998,10010,9991,10004,9992,9999,10003,10007,10000,9993,10001,10008,10009,10002,9995,9996,9997&#8243;][\/vc_column][\/vc_row][vc_row][vc_column][phoxy_instagram style=&#8221;style1&#8243; username=&#8221;luke.divewalker&#8221;][\/vc_column][\/vc_row]<\/p>\n","protected":false},"author":3,"featured_media":0,"parent":0,"menu_order":0,"comment_status":"closed","ping_status":"closed","template":"","meta":{"footnotes":""},"class_list":["post-9989","page","type-page","status-publish","hentry"],"featured_image_src":null,"featured_image_src_square":null,"_links":{"self":[{"href":"https:\/\/lukedivewalker.com\/index.php?rest_route=\/wp\/v2\/pages\/9989","targetHints":{"allow":["GET"]}}],"collection":[{"href":"https:\/\/lukedivewalker.com\/index.php?rest_route=\/wp\/v2\/pages"}],"about":[{"href":"https:\/\/lukedivewalker.com\/index.php?rest_route=\/wp\/v2\/types\/page"}],"author":[{"embeddable":true,"href":"https:\/\/lukedivewalker.com\/index.php?rest_route=\/wp\/v2\/users\/3"}],"replies":[{"embeddable":true,"href":"https:\/\/lukedivewalker.com\/index.php?rest_route=%2Fwp%2Fv2%2Fcomments&post=9989"}],"version-history":[{"count":5,"href":"https:\/\/lukedivewalker.com\/index.php?rest_route=\/wp\/v2\/pages\/9989\/revisions"}],"predecessor-version":[{"id":10012,"href":"https:\/\/lukedivewalker.com\/index.php?rest_route=\/wp\/v2\/pages\/9989\/revisions\/10012"}],"wp:attachment":[{"href":"https:\/\/lukedivewalker.com\/index.php?rest_route=%2Fwp%2Fv2%2Fmedia&parent=9989"}],"curies":[{"name":"wp","href":"https:\/\/api.w.org\/{rel}","templated":true}]}}