{"id":9936,"date":"2023-09-20T16:04:06","date_gmt":"2023-09-20T14:04:06","guid":{"rendered":"https:\/\/lukedivewalker.com\/?page_id=9936"},"modified":"2023-09-20T16:04:06","modified_gmt":"2023-09-20T14:04:06","slug":"zanzibar","status":"publish","type":"page","link":"https:\/\/lukedivewalker.com\/?page_id=9936","title":{"rendered":"Zanzibar"},"content":{"rendered":"<p>[vc_row][vc_column][phoxy_banner style_banner=&#8221;parallax&#8221; overlay=&#8221;yes&#8221; title=&#8221;Zanzibar&#8221; subtitle=&#8221;Kraina makro i &#8230; humbak\u00f3w&#8221; image=&#8221;9939&#8243; text=&#8221;Nasze nurkowania mia\u0142y miejsce niedaleko malowniczej wyspy Mnemba, gdzie sw\u00f3j hotel posiada &#8211; nie kto inny jak &#8211; Bill Gates. Nurkowania by\u0142y bardzo relaksuj\u0105ce, z lekkim pr\u0105dem &#8222;w plecy&#8222;. Podczas trzech, blisko godzinnych, zanurze\u0144 zobaczyli\u015bmy m.in cudowne Rhinopie, niezwykle fotogeniczn\u0105 mantis shrimp, mureny, o\u015bmiornice, a tak\u017ce &#8230; samic\u0119 humbaka ze swoim 5 metrowym &#8222; maluchem&#8222;.<\/p>\n<p>Centrum nurkowe kt\u00f3re o nas zadba\u0142o to DivePoint Zanzibar &#8211; serdecznie polecamy!<\/p>\n<p>Rok wyprawy: 2023<br \/>\nAparat: Sony A6000&#8243;][\/vc_column][\/vc_row][vc_row][vc_column][phoxy_gallery type=&#8221;tilt_gallery&#8221; images=&#8221;9943,9942,9941,9952,9962,9961,9983,9940,9964,9939,9947,9946,9945,9954,9953,9951,9950,9949,9948,9938,9955,9956,9957,9958,9959,9960,9968,9967,9966,9965,9963,9981,9980,9979,9978,9977,9976,9975,9974&#8243;][\/vc_column][\/vc_row][vc_row][vc_column][phoxy_instagram style=&#8221;style1&#8243; username=&#8221;luke.divewalker&#8221;][\/vc_column][\/vc_row]<\/p>\n","protected":false},"excerpt":{"rendered":"<p>[vc_row][vc_column][phoxy_banner style_banner=&#8221;parallax&#8221; overlay=&#8221;yes&#8221; title=&#8221;Zanzibar&#8221; subtitle=&#8221;Kraina makro i &#8230; humbak\u00f3w&#8221; image=&#8221;9939&#8243; text=&#8221;Nasze nurkowania mia\u0142y miejsce niedaleko malowniczej wyspy Mnemba, gdzie sw\u00f3j hotel posiada &#8211; nie kto inny jak &#8211; Bill Gates. Nurkowania by\u0142y bardzo relaksuj\u0105ce, z lekkim pr\u0105dem &#8222;w plecy&#8222;. Podczas trzech, blisko godzinnych, zanurze\u0144 zobaczyli\u015bmy m.in cudowne Rhinopie, niezwykle fotogeniczn\u0105 mantis shrimp, mureny, o\u015bmiornice, a &#8230;<\/p>\n","protected":false},"author":3,"featured_media":0,"parent":0,"menu_order":0,"comment_status":"closed","ping_status":"closed","template":"","meta":{"footnotes":""},"class_list":["post-9936","page","type-page","status-publish","hentry"],"featured_image_src":null,"featured_image_src_square":null,"_links":{"self":[{"href":"https:\/\/lukedivewalker.com\/index.php?rest_route=\/wp\/v2\/pages\/9936","targetHints":{"allow":["GET"]}}],"collection":[{"href":"https:\/\/lukedivewalker.com\/index.php?rest_route=\/wp\/v2\/pages"}],"about":[{"href":"https:\/\/lukedivewalker.com\/index.php?rest_route=\/wp\/v2\/types\/page"}],"author":[{"embeddable":true,"href":"https:\/\/lukedivewalker.com\/index.php?rest_route=\/wp\/v2\/users\/3"}],"replies":[{"embeddable":true,"href":"https:\/\/lukedivewalker.com\/index.php?rest_route=%2Fwp%2Fv2%2Fcomments&post=9936"}],"version-history":[{"count":10,"href":"https:\/\/lukedivewalker.com\/index.php?rest_route=\/wp\/v2\/pages\/9936\/revisions"}],"predecessor-version":[{"id":9986,"href":"https:\/\/lukedivewalker.com\/index.php?rest_route=\/wp\/v2\/pages\/9936\/revisions\/9986"}],"wp:attachment":[{"href":"https:\/\/lukedivewalker.com\/index.php?rest_route=%2Fwp%2Fv2%2Fmedia&parent=9936"}],"curies":[{"name":"wp","href":"https:\/\/api.w.org\/{rel}","templated":true}]}}