{"id":9757,"date":"2023-06-29T22:55:26","date_gmt":"2023-06-29T20:55:26","guid":{"rendered":"https:\/\/lukedivewalker.com\/?page_id=9757"},"modified":"2023-07-01T23:00:14","modified_gmt":"2023-07-01T21:00:14","slug":"luke_divewalker_lukasz_metrycki_niemcy_horka","status":"publish","type":"page","link":"https:\/\/lukedivewalker.com\/?page_id=9757","title":{"rendered":"Niemcy &#8211; kamienio\u0142om Horka"},"content":{"rendered":"<p>[vc_row][vc_column][phoxy_banner style_banner=&#8221;parallax&#8221; title=&#8221;Niemcy \/ Horka&#8221; subtitle=&#8221;Per\u0142a \u0141u\u017cyc&#8221; text=&#8221;Saksonia obfituje w pi\u0119kne miejsca nurkowe, a przez swoje atrakcyjne po\u0142o\u017cenie, jest cz\u0119stym wyborem nurk\u00f3w z Polski. Wiele znanych kamienio\u0142om\u00f3w, jak Wetro, Prelle czy Wildschutz, ust\u0119puje niew\u0105tpliwie swoj\u0105 popularno\u015bci\u0105 Horce, zwanej &#8222;per\u0142\u0105 \u0141u\u017cyc&#8222;.<\/p>\n<p>Rok wyprawy: 2023<br \/>\nAparat: Sony A6000&#8243; image=&#8221;9778&#8243;][\/vc_column][\/vc_row][vc_row][vc_column][phoxy_gallery type=&#8221;tilt_gallery&#8221; images=&#8221;9758,9759,9760,9761,9768,9775,9774,9773,9766,9767,9772,9765,9771,9764,9770,9763,9762,9769&#8243;][\/vc_column][\/vc_row][vc_row][vc_column][phoxy_instagram style=&#8221;style1&#8243; username=&#8221;luke.divewalker&#8221;][\/vc_column][\/vc_row]<\/p>\n","protected":false},"excerpt":{"rendered":"<p>[vc_row][vc_column][phoxy_banner style_banner=&#8221;parallax&#8221; title=&#8221;Niemcy \/ Horka&#8221; subtitle=&#8221;Per\u0142a \u0141u\u017cyc&#8221; text=&#8221;Saksonia obfituje w pi\u0119kne miejsca nurkowe, a przez swoje atrakcyjne po\u0142o\u017cenie, jest cz\u0119stym wyborem nurk\u00f3w z Polski. Wiele znanych kamienio\u0142om\u00f3w, jak Wetro, Prelle czy Wildschutz, ust\u0119puje niew\u0105tpliwie swoj\u0105 popularno\u015bci\u0105 Horce, zwanej &#8222;per\u0142\u0105 \u0141u\u017cyc&#8222;. Rok wyprawy: 2023 Aparat: Sony A6000&#8243; image=&#8221;9778&#8243;][\/vc_column][\/vc_row][vc_row][vc_column][phoxy_gallery type=&#8221;tilt_gallery&#8221; images=&#8221;9758,9759,9760,9761,9768,9775,9774,9773,9766,9767,9772,9765,9771,9764,9770,9763,9762,9769&#8243;][\/vc_column][\/vc_row][vc_row][vc_column][phoxy_instagram style=&#8221;style1&#8243; username=&#8221;luke.divewalker&#8221;][\/vc_column][\/vc_row]<\/p>\n","protected":false},"author":3,"featured_media":0,"parent":0,"menu_order":0,"comment_status":"closed","ping_status":"closed","template":"","meta":{"footnotes":""},"class_list":["post-9757","page","type-page","status-publish","hentry"],"featured_image_src":null,"featured_image_src_square":null,"_links":{"self":[{"href":"https:\/\/lukedivewalker.com\/index.php?rest_route=\/wp\/v2\/pages\/9757","targetHints":{"allow":["GET"]}}],"collection":[{"href":"https:\/\/lukedivewalker.com\/index.php?rest_route=\/wp\/v2\/pages"}],"about":[{"href":"https:\/\/lukedivewalker.com\/index.php?rest_route=\/wp\/v2\/types\/page"}],"author":[{"embeddable":true,"href":"https:\/\/lukedivewalker.com\/index.php?rest_route=\/wp\/v2\/users\/3"}],"replies":[{"embeddable":true,"href":"https:\/\/lukedivewalker.com\/index.php?rest_route=%2Fwp%2Fv2%2Fcomments&post=9757"}],"version-history":[{"count":5,"href":"https:\/\/lukedivewalker.com\/index.php?rest_route=\/wp\/v2\/pages\/9757\/revisions"}],"predecessor-version":[{"id":9792,"href":"https:\/\/lukedivewalker.com\/index.php?rest_route=\/wp\/v2\/pages\/9757\/revisions\/9792"}],"wp:attachment":[{"href":"https:\/\/lukedivewalker.com\/index.php?rest_route=%2Fwp%2Fv2%2Fmedia&parent=9757"}],"curies":[{"name":"wp","href":"https:\/\/api.w.org\/{rel}","templated":true}]}}