{"id":9316,"date":"2023-06-27T19:40:42","date_gmt":"2023-06-27T17:40:42","guid":{"rendered":"https:\/\/lukedivewalker.com\/?page_id=9316"},"modified":"2023-07-04T19:32:53","modified_gmt":"2023-07-04T17:32:53","slug":"lukasz_metryci_luke_divewalker_galapagos","status":"publish","type":"page","link":"https:\/\/lukedivewalker.com\/?page_id=9316","title":{"rendered":"Galapagos"},"content":{"rendered":"<p>[vc_row][vc_column][phoxy_banner style_banner=&#8221;parallax&#8221; title=&#8221;Galapagos&#8221; subtitle=&#8221;WItaj w Kr\u00f3lestwie du\u017cych zwierz\u0105t&#8221; text=&#8221;&#8222;Cz\u0142owieku! Zanurz si\u0119 pod wod\u0119. Je\u015bli pi\u0119kno, kt\u00f3re ujrzysz nie wstrz\u0105\u015bnie Tob\u0105 &#8211; to nic ciekawego Ci\u0119 ju\u017c w \u017cyciu nie czeka&#8222;<\/p>\n<p>Rok wyprawy: 2021<br \/>\nAparat: Sony A6000&#8243; image=&#8221;9350&#8243;][\/vc_column][\/vc_row][vc_row][vc_column][phoxy_gallery type=&#8221;tilt_gallery&#8221; images=&#8221;9376,9380,9381,9335,9379,9370,9345,9350,9346,9319,9375,9372,9332,9378,9371,9349,9331,9343,9322,9341,9377,9353,9340,9338,9351,9336,9329,9330,9333,9334,9328,9318,9317,9347,9374,9373&#8243;][\/vc_column][\/vc_row][vc_row][vc_column][vc_btn title=&#8221;Artyku\u0142 Perfect Diver o Galapagos vol. 1&#8243; style=&#8221;3d&#8221; link=&#8221;url:https%3A%2F%2Flukedivewalker.com%2Findex.php%2F3d-flip-book%2Fperfect-diver-nr-20-galapagos%2F|title:Perfect%20Diver%20nr%2020%20%E2%80%93%20Galapagos&#8221;][vc_btn title=&#8221;Artyku\u0142 Perfect Diver o Galapagos vol. 2&#8243; style=&#8221;3d&#8221; link=&#8221;url:https%3A%2F%2Flukedivewalker.com%2Findex.php%2F3d-flip-book%2Fperfect-diver-nr-21-galapagos%2F|title:Perfect%20Diver%20nr%2021%20%E2%80%93%20Galapagos&#8221;][\/vc_column][\/vc_row][vc_row][vc_column][phoxy_instagram style=&#8221;style1&#8243; username=&#8221;luke.divewalker&#8221;][\/vc_column][\/vc_row]<\/p>\n","protected":false},"excerpt":{"rendered":"<p>[vc_row][vc_column][phoxy_banner style_banner=&#8221;parallax&#8221; title=&#8221;Galapagos&#8221; subtitle=&#8221;WItaj w Kr\u00f3lestwie du\u017cych zwierz\u0105t&#8221; text=&#8221;&#8222;Cz\u0142owieku! Zanurz si\u0119 pod wod\u0119. Je\u015bli pi\u0119kno, kt\u00f3re ujrzysz nie wstrz\u0105\u015bnie Tob\u0105 &#8211; to nic ciekawego Ci\u0119 ju\u017c w \u017cyciu nie czeka&#8222; Rok wyprawy: 2021 Aparat: Sony A6000&#8243; image=&#8221;9350&#8243;][\/vc_column][\/vc_row][vc_row][vc_column][phoxy_gallery type=&#8221;tilt_gallery&#8221; images=&#8221;9376,9380,9381,9335,9379,9370,9345,9350,9346,9319,9375,9372,9332,9378,9371,9349,9331,9343,9322,9341,9377,9353,9340,9338,9351,9336,9329,9330,9333,9334,9328,9318,9317,9347,9374,9373&#8243;][\/vc_column][\/vc_row][vc_row][vc_column][vc_btn title=&#8221;Artyku\u0142 Perfect Diver o Galapagos vol. 1&#8243; style=&#8221;3d&#8221; link=&#8221;url:https%3A%2F%2Flukedivewalker.com%2Findex.php%2F3d-flip-book%2Fperfect-diver-nr-20-galapagos%2F|title:Perfect%20Diver%20nr%2020%20%E2%80%93%20Galapagos&#8221;][vc_btn title=&#8221;Artyku\u0142 Perfect Diver o Galapagos vol. 2&#8243; &#8230;<\/p>\n","protected":false},"author":3,"featured_media":0,"parent":0,"menu_order":0,"comment_status":"closed","ping_status":"closed","template":"","meta":{"footnotes":""},"class_list":["post-9316","page","type-page","status-publish","hentry"],"featured_image_src":null,"featured_image_src_square":null,"_links":{"self":[{"href":"https:\/\/lukedivewalker.com\/index.php?rest_route=\/wp\/v2\/pages\/9316","targetHints":{"allow":["GET"]}}],"collection":[{"href":"https:\/\/lukedivewalker.com\/index.php?rest_route=\/wp\/v2\/pages"}],"about":[{"href":"https:\/\/lukedivewalker.com\/index.php?rest_route=\/wp\/v2\/types\/page"}],"author":[{"embeddable":true,"href":"https:\/\/lukedivewalker.com\/index.php?rest_route=\/wp\/v2\/users\/3"}],"replies":[{"embeddable":true,"href":"https:\/\/lukedivewalker.com\/index.php?rest_route=%2Fwp%2Fv2%2Fcomments&post=9316"}],"version-history":[{"count":13,"href":"https:\/\/lukedivewalker.com\/index.php?rest_route=\/wp\/v2\/pages\/9316\/revisions"}],"predecessor-version":[{"id":9839,"href":"https:\/\/lukedivewalker.com\/index.php?rest_route=\/wp\/v2\/pages\/9316\/revisions\/9839"}],"wp:attachment":[{"href":"https:\/\/lukedivewalker.com\/index.php?rest_route=%2Fwp%2Fv2%2Fmedia&parent=9316"}],"curies":[{"name":"wp","href":"https:\/\/api.w.org\/{rel}","templated":true}]}}