{"id":9102,"date":"2023-06-20T22:48:33","date_gmt":"2023-06-20T20:48:33","guid":{"rendered":"https:\/\/lukedivewalker.com\/?page_id=9102"},"modified":"2023-06-30T10:29:38","modified_gmt":"2023-06-30T08:29:38","slug":"luke_divewalker_lukasz_metrycki_morze-baltyckie","status":"publish","type":"page","link":"https:\/\/lukedivewalker.com\/?page_id=9102","title":{"rendered":"Wrak MF Heweliusz"},"content":{"rendered":"<p>[vc_row][vc_column][phoxy_banner style_banner=&#8221;parallax&#8221; overlay=&#8221;yes&#8221; title=&#8221;Wrak MF Heweliusz&#8221; subtitle=&#8221;Wraki \u2013 podwodne muzeum&#8221; text=&#8221;Prom MF Heweliusz &#8211; jeden z ciekawszych wrak\u00f3w Morza Ba\u0142tyckiego. j 14 stycznia 1993 roku napotka\u0142 niespodziewany i bardzo silny sztorm (12 w skali Beauforta) na trasie \u015awinouj\u015bcie \u2013 Ystad i przez dodatkowe b\u0142\u0119dy i niedopatrzenia za\u0142ogi zaton\u0105\u0142 nieopodal niemieckiej wyspy Rugia.<\/p>\n<p>Rok wyprawy: 2021<br \/>\nAparat: Sony A6000&#8243; image=&#8221;9306&#8243;][\/vc_column][\/vc_row][vc_row][vc_column][phoxy_gallery type=&#8221;tilt_gallery&#8221; images=&#8221;9103,9111,9108,9115,9114,9113,9112,9109,9107,9106,9105,9104&#8243;][\/vc_column][\/vc_row][vc_row][vc_column][phoxy_instagram style=&#8221;style1&#8243; username=&#8221;luke.divewalker&#8221;][\/vc_column][\/vc_row]<\/p>\n","protected":false},"excerpt":{"rendered":"<p>[vc_row][vc_column][phoxy_banner style_banner=&#8221;parallax&#8221; overlay=&#8221;yes&#8221; title=&#8221;Wrak MF Heweliusz&#8221; subtitle=&#8221;Wraki \u2013 podwodne muzeum&#8221; text=&#8221;Prom MF Heweliusz &#8211; jeden z ciekawszych wrak\u00f3w Morza Ba\u0142tyckiego. j 14 stycznia 1993 roku napotka\u0142 niespodziewany i bardzo silny sztorm (12 w skali Beauforta) na trasie \u015awinouj\u015bcie \u2013 Ystad i przez dodatkowe b\u0142\u0119dy i niedopatrzenia za\u0142ogi zaton\u0105\u0142 nieopodal niemieckiej wyspy Rugia. Rok wyprawy: 2021 &#8230;<\/p>\n","protected":false},"author":1,"featured_media":0,"parent":0,"menu_order":0,"comment_status":"closed","ping_status":"closed","template":"","meta":{"footnotes":""},"class_list":["post-9102","page","type-page","status-publish","hentry"],"featured_image_src":null,"featured_image_src_square":null,"_links":{"self":[{"href":"https:\/\/lukedivewalker.com\/index.php?rest_route=\/wp\/v2\/pages\/9102","targetHints":{"allow":["GET"]}}],"collection":[{"href":"https:\/\/lukedivewalker.com\/index.php?rest_route=\/wp\/v2\/pages"}],"about":[{"href":"https:\/\/lukedivewalker.com\/index.php?rest_route=\/wp\/v2\/types\/page"}],"author":[{"embeddable":true,"href":"https:\/\/lukedivewalker.com\/index.php?rest_route=\/wp\/v2\/users\/1"}],"replies":[{"embeddable":true,"href":"https:\/\/lukedivewalker.com\/index.php?rest_route=%2Fwp%2Fv2%2Fcomments&post=9102"}],"version-history":[{"count":8,"href":"https:\/\/lukedivewalker.com\/index.php?rest_route=\/wp\/v2\/pages\/9102\/revisions"}],"predecessor-version":[{"id":9794,"href":"https:\/\/lukedivewalker.com\/index.php?rest_route=\/wp\/v2\/pages\/9102\/revisions\/9794"}],"wp:attachment":[{"href":"https:\/\/lukedivewalker.com\/index.php?rest_route=%2Fwp%2Fv2%2Fmedia&parent=9102"}],"curies":[{"name":"wp","href":"https:\/\/api.w.org\/{rel}","templated":true}]}}