{"id":9091,"date":"2023-06-20T22:44:48","date_gmt":"2023-06-20T20:44:48","guid":{"rendered":"https:\/\/lukedivewalker.com\/?page_id=9091"},"modified":"2023-08-12T19:20:53","modified_gmt":"2023-08-12T17:20:53","slug":"luke_divewalker_lukasz_metrycki_niemcy","status":"publish","type":"page","link":"https:\/\/lukedivewalker.com\/?page_id=9091","title":{"rendered":"Niemcy &#8211; kamienio\u0142om Wetro"},"content":{"rendered":"<p>[vc_row][vc_column][phoxy_banner style_banner=&#8221;parallax&#8221; overlay=&#8221;yes&#8221; title=&#8221;NIEMCY&#8221; subtitle=&#8221;Wetro \u2013 jeden z Sakso\u0144skich kamienio\u0142om\u00f3w, znajduj\u0105cy si\u0119 w miejscowo\u015bci Sproitz.&#8221; text=&#8221;Tu\u017c za nasz\u0105 zachodni\u0105 granic\u0105 znajdziemy ca\u0142\u0105 gam\u0119 kamienio\u0142om\u00f3w, w kt\u00f3rych ka\u017cdy znajdzie co\u015b dla siebie. Amator\u00f3w fotografii przyci\u0105gnie na to nurkowisko bardzo dobra wizura i bij\u0105cy w oczy szmaragd wody, a nurk\u00f3w technicznych z pewno\u015bci\u0105 skusi g\u0142\u0119boko\u015b\u0107 ponad 50 m!<\/p>\n<p>Rok wyprawy: 2022<br \/>\nAparat: 2022&#8243; image=&#8221;9311&#8243;][\/vc_column][\/vc_row][vc_row][vc_column][phoxy_gallery type=&#8221;metro&#8221; images=&#8221;9311,9840,9841,9842,9843,9844,9845,9851,9850,9849,9848,9847,9846&#8243;][\/vc_column][\/vc_row][vc_row][vc_column][phoxy_instagram style=&#8221;style1&#8243; username=&#8221;luke.divewalker&#8221;][\/vc_column][\/vc_row]<\/p>\n","protected":false},"excerpt":{"rendered":"<p>[vc_row][vc_column][phoxy_banner style_banner=&#8221;parallax&#8221; overlay=&#8221;yes&#8221; title=&#8221;NIEMCY&#8221; subtitle=&#8221;Wetro \u2013 jeden z Sakso\u0144skich kamienio\u0142om\u00f3w, znajduj\u0105cy si\u0119 w miejscowo\u015bci Sproitz.&#8221; text=&#8221;Tu\u017c za nasz\u0105 zachodni\u0105 granic\u0105 znajdziemy ca\u0142\u0105 gam\u0119 kamienio\u0142om\u00f3w, w kt\u00f3rych ka\u017cdy znajdzie co\u015b dla siebie. Amator\u00f3w fotografii przyci\u0105gnie na to nurkowisko bardzo dobra wizura i bij\u0105cy w oczy szmaragd wody, a nurk\u00f3w technicznych z pewno\u015bci\u0105 skusi g\u0142\u0119boko\u015b\u0107 ponad 50 &#8230;<\/p>\n","protected":false},"author":1,"featured_media":0,"parent":0,"menu_order":0,"comment_status":"closed","ping_status":"closed","template":"","meta":{"footnotes":""},"class_list":["post-9091","page","type-page","status-publish","hentry"],"featured_image_src":null,"featured_image_src_square":null,"_links":{"self":[{"href":"https:\/\/lukedivewalker.com\/index.php?rest_route=\/wp\/v2\/pages\/9091","targetHints":{"allow":["GET"]}}],"collection":[{"href":"https:\/\/lukedivewalker.com\/index.php?rest_route=\/wp\/v2\/pages"}],"about":[{"href":"https:\/\/lukedivewalker.com\/index.php?rest_route=\/wp\/v2\/types\/page"}],"author":[{"embeddable":true,"href":"https:\/\/lukedivewalker.com\/index.php?rest_route=\/wp\/v2\/users\/1"}],"replies":[{"embeddable":true,"href":"https:\/\/lukedivewalker.com\/index.php?rest_route=%2Fwp%2Fv2%2Fcomments&post=9091"}],"version-history":[{"count":7,"href":"https:\/\/lukedivewalker.com\/index.php?rest_route=\/wp\/v2\/pages\/9091\/revisions"}],"predecessor-version":[{"id":9869,"href":"https:\/\/lukedivewalker.com\/index.php?rest_route=\/wp\/v2\/pages\/9091\/revisions\/9869"}],"wp:attachment":[{"href":"https:\/\/lukedivewalker.com\/index.php?rest_route=%2Fwp%2Fv2%2Fmedia&parent=9091"}],"curies":[{"name":"wp","href":"https:\/\/api.w.org\/{rel}","templated":true}]}}