{"id":9021,"date":"2023-06-20T22:12:29","date_gmt":"2023-06-20T20:12:29","guid":{"rendered":"https:\/\/lukedivewalker.com\/?page_id=9021"},"modified":"2023-08-24T15:18:06","modified_gmt":"2023-08-24T13:18:06","slug":"perfect-diver","status":"publish","type":"page","link":"https:\/\/lukedivewalker.com\/?page_id=9021","title":{"rendered":"Perfect Diver"},"content":{"rendered":"<p>[vc_row full_width=&#8221;stretch_row_content_no_spaces&#8221; full_height=&#8221;yes&#8221;][vc_column][phoxy_banner style_banner=&#8221;parallax&#8221; overlay=&#8221;yes&#8221; title=&#8221;Perfect Diver&#8221; subtitle=&#8221;Redaktor&#8221; text=&#8221;Od stycznia 2023 nale\u017c\u0119 do sta\u0142ych wsp\u00f3\u0142pracownik\u00f3w magazynu nurkowego Perfect Diver, ale ju\u017c od 2020 roku udost\u0119pniam swoje podwodne fotografie do artyku\u0142\u00f3w opisuj\u0105cych r\u00f3\u017cne zak\u0105tki \u015bwiata.<br \/>\n\u201eOd urodzenia, cz\u0142owiek nosi na swych ramionach ci\u0119\u017car grawitacji (\u2026), ale wystarczy \u017ce zanurzy si\u0119 pod powierzchni\u0119 wody i staje si\u0119 wolny\u201d.<\/p>\n<p>J. Y. Cousteau&#8221;][vc_single_image image=&#8221;9814&#8243; img_size=&#8221;large&#8221; alignment=&#8221;center&#8221; onclick=&#8221;img_link_large&#8221;][\/vc_column][\/vc_row][vc_row][vc_column][phoxy_instagram style=&#8221;style1&#8243; username=&#8221;luke.divewalker&#8221;][\/vc_column][\/vc_row][vc_row][vc_column][\/vc_column][\/vc_row]<\/p>\n","protected":false},"excerpt":{"rendered":"<p>[vc_row full_width=&#8221;stretch_row_content_no_spaces&#8221; full_height=&#8221;yes&#8221;][vc_column][phoxy_banner style_banner=&#8221;parallax&#8221; overlay=&#8221;yes&#8221; title=&#8221;Perfect Diver&#8221; subtitle=&#8221;Redaktor&#8221; text=&#8221;Od stycznia 2023 nale\u017c\u0119 do sta\u0142ych wsp\u00f3\u0142pracownik\u00f3w magazynu nurkowego Perfect Diver, ale ju\u017c od 2020 roku udost\u0119pniam swoje podwodne fotografie do artyku\u0142\u00f3w opisuj\u0105cych r\u00f3\u017cne zak\u0105tki \u015bwiata. \u201eOd urodzenia, cz\u0142owiek nosi na swych ramionach ci\u0119\u017car grawitacji (\u2026), ale wystarczy \u017ce zanurzy si\u0119 pod powierzchni\u0119 wody i staje si\u0119 &#8230;<\/p>\n","protected":false},"author":1,"featured_media":0,"parent":0,"menu_order":0,"comment_status":"closed","ping_status":"closed","template":"","meta":{"footnotes":""},"class_list":["post-9021","page","type-page","status-publish","hentry"],"featured_image_src":null,"featured_image_src_square":null,"_links":{"self":[{"href":"https:\/\/lukedivewalker.com\/index.php?rest_route=\/wp\/v2\/pages\/9021","targetHints":{"allow":["GET"]}}],"collection":[{"href":"https:\/\/lukedivewalker.com\/index.php?rest_route=\/wp\/v2\/pages"}],"about":[{"href":"https:\/\/lukedivewalker.com\/index.php?rest_route=\/wp\/v2\/types\/page"}],"author":[{"embeddable":true,"href":"https:\/\/lukedivewalker.com\/index.php?rest_route=\/wp\/v2\/users\/1"}],"replies":[{"embeddable":true,"href":"https:\/\/lukedivewalker.com\/index.php?rest_route=%2Fwp%2Fv2%2Fcomments&post=9021"}],"version-history":[{"count":14,"href":"https:\/\/lukedivewalker.com\/index.php?rest_route=\/wp\/v2\/pages\/9021\/revisions"}],"predecessor-version":[{"id":9815,"href":"https:\/\/lukedivewalker.com\/index.php?rest_route=\/wp\/v2\/pages\/9021\/revisions\/9815"}],"wp:attachment":[{"href":"https:\/\/lukedivewalker.com\/index.php?rest_route=%2Fwp%2Fv2%2Fmedia&parent=9021"}],"curies":[{"name":"wp","href":"https:\/\/api.w.org\/{rel}","templated":true}]}}