{"id":8960,"date":"2023-06-20T14:00:37","date_gmt":"2023-06-20T12:00:37","guid":{"rendered":"http:\/\/serwer16239.lh.pl\/autoinstalator\/serwer16239.lh.pl\/wordpress23176\/?page_id=8960"},"modified":"2023-07-01T22:59:51","modified_gmt":"2023-07-01T20:59:51","slug":"luke_divewalker_lukasz_metrycki_deepspot_poland","status":"publish","type":"page","link":"https:\/\/lukedivewalker.com\/?page_id=8960","title":{"rendered":"Deepspot Poland"},"content":{"rendered":"<p>[vc_row][vc_column][phoxy_banner style_banner=&#8221;parallax&#8221; overlay=&#8221;yes&#8221; title=&#8221;Deepspot&#8221; subtitle=&#8221;Najg\u0142\u0119bszy basen w Europie&#8221; image=&#8221;9545&#8243; text=&#8221;Niekt\u00f3re sny wcale nie s\u0105 snami. To tylko inna perspektywa, z kt\u00f3rej ogl\u0105damy rzeczywisto\u015b\u0107&#8222;\u2661 Deepspot 45m 45cm &#8211; najg\u0142\u0119bszy basen w Europie.&#8221;][\/vc_column][\/vc_row][vc_row][vc_column][phoxy_gallery type=&#8221;tilt_gallery&#8221; images=&#8221;9578,9549,9598,9572,9584,9596,9595,9594,9593,9586,9587,9547,9588,9550,9589,9590,9591,9592,9579,9580,9562,9581,9582,9583,9585,9597,9577,9576,9575,9574,9573,9565,9566,9567,9568,9569,9570,9571,9564,9563,9561,9560,9546,9559,9558,9551,9552,9553,9554,9555,9556,9557,9548,9545&#8243;][\/vc_column][\/vc_row][vc_row][vc_column][phoxy_instagram style=&#8221;style1&#8243; username=&#8221;luke.divewalker&#8221;][\/vc_column][\/vc_row]<\/p>\n","protected":false},"excerpt":{"rendered":"<p>[vc_row][vc_column][phoxy_banner style_banner=&#8221;parallax&#8221; overlay=&#8221;yes&#8221; title=&#8221;Deepspot&#8221; subtitle=&#8221;Najg\u0142\u0119bszy basen w Europie&#8221; image=&#8221;9545&#8243; text=&#8221;Niekt\u00f3re sny wcale nie s\u0105 snami. To tylko inna perspektywa, z kt\u00f3rej ogl\u0105damy rzeczywisto\u015b\u0107&#8222;\u2661 Deepspot 45m 45cm &#8211; najg\u0142\u0119bszy basen w Europie.&#8221;][\/vc_column][\/vc_row][vc_row][vc_column][phoxy_gallery type=&#8221;tilt_gallery&#8221; images=&#8221;9578,9549,9598,9572,9584,9596,9595,9594,9593,9586,9587,9547,9588,9550,9589,9590,9591,9592,9579,9580,9562,9581,9582,9583,9585,9597,9577,9576,9575,9574,9573,9565,9566,9567,9568,9569,9570,9571,9564,9563,9561,9560,9546,9559,9558,9551,9552,9553,9554,9555,9556,9557,9548,9545&#8243;][\/vc_column][\/vc_row][vc_row][vc_column][phoxy_instagram style=&#8221;style1&#8243; username=&#8221;luke.divewalker&#8221;][\/vc_column][\/vc_row]<\/p>\n","protected":false},"author":1,"featured_media":0,"parent":0,"menu_order":0,"comment_status":"closed","ping_status":"closed","template":"","meta":{"footnotes":""},"class_list":["post-8960","page","type-page","status-publish","hentry"],"featured_image_src":null,"featured_image_src_square":null,"_links":{"self":[{"href":"https:\/\/lukedivewalker.com\/index.php?rest_route=\/wp\/v2\/pages\/8960","targetHints":{"allow":["GET"]}}],"collection":[{"href":"https:\/\/lukedivewalker.com\/index.php?rest_route=\/wp\/v2\/pages"}],"about":[{"href":"https:\/\/lukedivewalker.com\/index.php?rest_route=\/wp\/v2\/types\/page"}],"author":[{"embeddable":true,"href":"https:\/\/lukedivewalker.com\/index.php?rest_route=\/wp\/v2\/users\/1"}],"replies":[{"embeddable":true,"href":"https:\/\/lukedivewalker.com\/index.php?rest_route=%2Fwp%2Fv2%2Fcomments&post=8960"}],"version-history":[{"count":10,"href":"https:\/\/lukedivewalker.com\/index.php?rest_route=\/wp\/v2\/pages\/8960\/revisions"}],"predecessor-version":[{"id":9784,"href":"https:\/\/lukedivewalker.com\/index.php?rest_route=\/wp\/v2\/pages\/8960\/revisions\/9784"}],"wp:attachment":[{"href":"https:\/\/lukedivewalker.com\/index.php?rest_route=%2Fwp%2Fv2%2Fmedia&parent=8960"}],"curies":[{"name":"wp","href":"https:\/\/api.w.org\/{rel}","templated":true}]}}