{"id":8924,"date":"2023-06-20T13:36:02","date_gmt":"2023-06-20T11:36:02","guid":{"rendered":"http:\/\/serwer16239.lh.pl\/autoinstalator\/serwer16239.lh.pl\/wordpress23176\/?page_id=8924"},"modified":"2023-06-30T10:22:30","modified_gmt":"2023-06-30T08:22:30","slug":"luke_divewalker_lukasz_metrycki_meksyk","status":"publish","type":"page","link":"https:\/\/lukedivewalker.com\/?page_id=8924","title":{"rendered":"Meksyk"},"content":{"rendered":"<p>[vc_row][vc_column][phoxy_banner style_banner=&#8221;parallax&#8221; overlay=&#8221;yes&#8221; title=&#8221;MEKSYK&#8221; subtitle=&#8221;Nurkowa podr\u00f3\u017c do wn\u0119trza Ziemi&#8221; text=&#8221;P\u00f3\u0142wysep Jukatan to kraina bez jezior i rzek w standardowym rozumieniu, a przecie\u017c okryta lasem tropikalnym. Zasila je system w\u00f3d podziemnych, powsta\u0142y z opad\u00f3w przesi\u0105kaj\u0105cych przez porowate, wapienne ska\u0142y. Miejscami, cienka pokrywa wapienna zapada si\u0119, w\u00f3wczas wody wyp\u0142ywaj\u0105 na powierzchni\u0119 \u2013 powstaj\u0105 ciemnozielone jeziorka albo p\u0142ytkie, turkusowe laguny. Tych form \u2013 odkrytych do tej pory jest ok 3000, jednak tylko niewielka ich ilo\u015b\u0107 przeznaczona jest dla nurk\u00f3w rekreacyjnych. Niegdy\u015b, woda w cenotach dla Maj\u00f3w czcz\u0105cych Boga deszczu \u201eChaca\u201d by\u0142a \u015bwi\u0119to\u015bci\u0105. Dla nas (p\u0142etwonurk\u00f3w) \u2013 w obecnych czasach \u2013 jest najwi\u0119kszym i najbardziej w\u0142a\u015bciwym powodem, dla kt\u00f3rego warto odwiedzi\u0107 Meksyk. To jedyne takie miejsce na Ziemi, gdzie woda jest tak klarowna, \u017ce mamy wra\u017cenie szybowania pomi\u0119dzy stalagmitami, stalaktytami i stalagnatami. To miejsce, w kt\u00f3rym bardzo wa\u017cn\u0105 pozycj\u0119 zajmuje geologia i nurkowanie, gdzie rozrywka, nowoczesno\u015b\u0107 i turystyka, mieszaj\u0105 si\u0119 z krain\u0105 duch\u00f3w, magii, tajemniczych, staro\u017cytnych miast Maj\u00f3w.<\/p>\n<p>Rok wyprawy: 2021<br \/>\nAparat: Sony A6000&#8243; image=&#8221;9682&#8243;][\/vc_column][\/vc_row][vc_row][vc_column][phoxy_gallery type=&#8221;metro&#8221; images=&#8221;9661,9662,9663,9664,9665,9666,9667,9668,9669,9670,9671,9672,9673,9674,9675,9676,9677,9678,9679,9680,9681,9682&#8243;][\/vc_column][\/vc_row][vc_row][vc_column][phoxy_instagram style=&#8221;style1&#8243; username=&#8221;luke.divewalker&#8221;][\/vc_column][\/vc_row]<\/p>\n","protected":false},"excerpt":{"rendered":"<p>[vc_row][vc_column][phoxy_banner style_banner=&#8221;parallax&#8221; overlay=&#8221;yes&#8221; title=&#8221;MEKSYK&#8221; subtitle=&#8221;Nurkowa podr\u00f3\u017c do wn\u0119trza Ziemi&#8221; text=&#8221;P\u00f3\u0142wysep Jukatan to kraina bez jezior i rzek w standardowym rozumieniu, a przecie\u017c okryta lasem tropikalnym. Zasila je system w\u00f3d podziemnych, powsta\u0142y z opad\u00f3w przesi\u0105kaj\u0105cych przez porowate, wapienne ska\u0142y. Miejscami, cienka pokrywa wapienna zapada si\u0119, w\u00f3wczas wody wyp\u0142ywaj\u0105 na powierzchni\u0119 \u2013 powstaj\u0105 ciemnozielone jeziorka albo p\u0142ytkie, &#8230;<\/p>\n","protected":false},"author":1,"featured_media":0,"parent":0,"menu_order":0,"comment_status":"closed","ping_status":"closed","template":"","meta":{"footnotes":""},"class_list":["post-8924","page","type-page","status-publish","hentry"],"featured_image_src":null,"featured_image_src_square":null,"_links":{"self":[{"href":"https:\/\/lukedivewalker.com\/index.php?rest_route=\/wp\/v2\/pages\/8924","targetHints":{"allow":["GET"]}}],"collection":[{"href":"https:\/\/lukedivewalker.com\/index.php?rest_route=\/wp\/v2\/pages"}],"about":[{"href":"https:\/\/lukedivewalker.com\/index.php?rest_route=\/wp\/v2\/types\/page"}],"author":[{"embeddable":true,"href":"https:\/\/lukedivewalker.com\/index.php?rest_route=\/wp\/v2\/users\/1"}],"replies":[{"embeddable":true,"href":"https:\/\/lukedivewalker.com\/index.php?rest_route=%2Fwp%2Fv2%2Fcomments&post=8924"}],"version-history":[{"count":10,"href":"https:\/\/lukedivewalker.com\/index.php?rest_route=\/wp\/v2\/pages\/8924\/revisions"}],"predecessor-version":[{"id":9790,"href":"https:\/\/lukedivewalker.com\/index.php?rest_route=\/wp\/v2\/pages\/8924\/revisions\/9790"}],"wp:attachment":[{"href":"https:\/\/lukedivewalker.com\/index.php?rest_route=%2Fwp%2Fv2%2Fmedia&parent=8924"}],"curies":[{"name":"wp","href":"https:\/\/api.w.org\/{rel}","templated":true}]}}