{"id":8887,"date":"2023-06-20T13:29:29","date_gmt":"2023-06-20T11:29:29","guid":{"rendered":"http:\/\/serwer16239.lh.pl\/autoinstalator\/serwer16239.lh.pl\/wordpress23176\/?page_id=8887"},"modified":"2023-07-02T21:16:03","modified_gmt":"2023-07-02T19:16:03","slug":"luke_divewalker_lukasz_metrycki_malediwy","status":"publish","type":"page","link":"https:\/\/lukedivewalker.com\/?page_id=8887","title":{"rendered":"Malediwy"},"content":{"rendered":"<p>[vc_row][vc_column][phoxy_banner style_banner=&#8221;parallax&#8221; overlay=&#8221;yes&#8221; title=&#8221;MALEDIWY&#8221; subtitle=&#8221;Malediwy to absolutne MUST SEE ka\u017cdego p\u0142etwonurka&#8221; text=&#8221;Malediwy le\u017c\u0105 w basenie Oceanu Indyjskiego, wi\u0119c podczas nurkowania czeka nas prawdziwa feeria barw. Na rafach spotkamy setki kolorowych ryb, a w szczeg\u00f3lno\u015bci charakterystyczne \u0142awice Blue Surgeon Fish. Najlepsze nurkowania na Malediwach to te, po zewn\u0119trznej stronie atoli. Poniewa\u017c wyspy s\u0105 szczytami podwodnego \u0142a\u0144cucha g\u00f3rskiego zanurzenia odbywaj\u0105 si\u0119 przy \u015bcianach, cz\u0119sto w pr\u0105dach. Dzi\u0119ki temu podczas nurkowania jest mo\u017cliwo\u015b\u0107 spotkania du\u017cych zwierz\u0105t jak ogromne manty, \u0142awice kropkowanych Eagleray, Stingray i rekiny m\u0142oty, a je\u017celi mamy troch\u0119 szcz\u0119\u015bcia to podczas nurkowania spotkamy rekiny wielorybie, kt\u00f3re regularnie odwiedzaj\u0105 te rejony.<\/p>\n<p>Rok wyprawy: 2019<br \/>\nAparat: Canon G12&#8243; image=&#8221;9709&#8243;][\/vc_column][\/vc_row][vc_row][vc_column][phoxy_gallery type=&#8221;metro&#8221; images=&#8221;9386,9384,9695,9389,9710,9704,9382,9383,9385,9387,9692,9689,9694,9388,9709,9702,9707,9690,9688,9699,9696,9703,9705,9706,9701,9691,9700,9698,9697,9693,9716&#8243;][\/vc_column][\/vc_row][vc_row][vc_column][phoxy_instagram style=&#8221;style1&#8243; username=&#8221;luke.divewalker&#8221;][\/vc_column][\/vc_row]<\/p>\n","protected":false},"excerpt":{"rendered":"<p>[vc_row][vc_column][phoxy_banner style_banner=&#8221;parallax&#8221; overlay=&#8221;yes&#8221; title=&#8221;MALEDIWY&#8221; subtitle=&#8221;Malediwy to absolutne MUST SEE ka\u017cdego p\u0142etwonurka&#8221; text=&#8221;Malediwy le\u017c\u0105 w basenie Oceanu Indyjskiego, wi\u0119c podczas nurkowania czeka nas prawdziwa feeria barw. Na rafach spotkamy setki kolorowych ryb, a w szczeg\u00f3lno\u015bci charakterystyczne \u0142awice Blue Surgeon Fish. Najlepsze nurkowania na Malediwach to te, po zewn\u0119trznej stronie atoli. Poniewa\u017c wyspy s\u0105 szczytami podwodnego \u0142a\u0144cucha &#8230;<\/p>\n","protected":false},"author":1,"featured_media":0,"parent":0,"menu_order":0,"comment_status":"closed","ping_status":"closed","template":"","meta":{"footnotes":""},"class_list":["post-8887","page","type-page","status-publish","hentry"],"featured_image_src":null,"featured_image_src_square":null,"_links":{"self":[{"href":"https:\/\/lukedivewalker.com\/index.php?rest_route=\/wp\/v2\/pages\/8887","targetHints":{"allow":["GET"]}}],"collection":[{"href":"https:\/\/lukedivewalker.com\/index.php?rest_route=\/wp\/v2\/pages"}],"about":[{"href":"https:\/\/lukedivewalker.com\/index.php?rest_route=\/wp\/v2\/types\/page"}],"author":[{"embeddable":true,"href":"https:\/\/lukedivewalker.com\/index.php?rest_route=\/wp\/v2\/users\/1"}],"replies":[{"embeddable":true,"href":"https:\/\/lukedivewalker.com\/index.php?rest_route=%2Fwp%2Fv2%2Fcomments&post=8887"}],"version-history":[{"count":10,"href":"https:\/\/lukedivewalker.com\/index.php?rest_route=\/wp\/v2\/pages\/8887\/revisions"}],"predecessor-version":[{"id":9825,"href":"https:\/\/lukedivewalker.com\/index.php?rest_route=\/wp\/v2\/pages\/8887\/revisions\/9825"}],"wp:attachment":[{"href":"https:\/\/lukedivewalker.com\/index.php?rest_route=%2Fwp%2Fv2%2Fmedia&parent=8887"}],"curies":[{"name":"wp","href":"https:\/\/api.w.org\/{rel}","templated":true}]}}