{"id":8818,"date":"2023-06-19T14:17:00","date_gmt":"2023-06-19T12:17:00","guid":{"rendered":"http:\/\/serwer16239.lh.pl\/autoinstalator\/serwer16239.lh.pl\/wordpress23176\/?page_id=8818"},"modified":"2023-06-30T10:19:55","modified_gmt":"2023-06-30T08:19:55","slug":"luke_divewalker_lukasz_metrycki_egipt-wadi-lahami","status":"publish","type":"page","link":"https:\/\/lukedivewalker.com\/?page_id=8818","title":{"rendered":"Egipt \/ Wadi Lahami"},"content":{"rendered":"<p>[vc_row][vc_column][phoxy_banner style_banner=&#8221;parallax&#8221; height=&#8221;medium_banner&#8221; overlay=&#8221;yes&#8221; title=&#8221;EGIPT WADI LAHAMI&#8221; subtitle=&#8221;ajbardziej dziewicze miejsce w Egipcie z najpi\u0119kniejszym ogrodami koralowymi systemu raf Fury Shoal&#8221; text=&#8221;Niezale\u017cnie od pory dnia podczas kt\u00f3rej ujrzysz kt\u00f3r\u0105kolwiek z wiosek nurkowych w Egipcie, z pewno\u015bci\u0105 na chwil\u0119 wstrzymasz oddech. Kawa\u0142ki bia\u0142ego p\u0142\u00f3tna wy\u0142aniaj\u0105ce si\u0119 zza g\u00f3r, usytuowane nad brzegiem lazurowej wody, migocz\u0105ce \u015bcie\u017cki o\u015bwietlone tysi\u0105cami lampion\u00f3w czy ogromne po\u0142acie zieleni lasu namorzynowego w s\u0105siednie teren\u00f3w pustynnych. Nurkowe ecocampy to co\u015b unikatowego, niepowtarzalnego i zaskakuj\u0105cego&#8230;<\/p>\n<p>Rok wyprawy: 2021<br \/>\nAparat: Sony A6000&#8243; image=&#8221;9474&#8243;][\/vc_column][\/vc_row][vc_row][vc_column][phoxy_gallery type=&#8221;metro&#8221; images=&#8221;9719,9164,9413,9411,9477,9409,9466,9470,9408,9481,9480,9473,9476,9474,9479,9475,9410,9462,9478,9472,9471,9469,9484,9468,9463,9464,9465,9415,9412,9483,9482,9407&#8243;][\/vc_column][\/vc_row][vc_row][vc_column][phoxy_instagram style=&#8221;style1&#8243; username=&#8221;luke.divewalker&#8221;][\/vc_column][\/vc_row]<\/p>\n","protected":false},"excerpt":{"rendered":"<p>[vc_row][vc_column][phoxy_banner style_banner=&#8221;parallax&#8221; height=&#8221;medium_banner&#8221; overlay=&#8221;yes&#8221; title=&#8221;EGIPT WADI LAHAMI&#8221; subtitle=&#8221;ajbardziej dziewicze miejsce w Egipcie z najpi\u0119kniejszym ogrodami koralowymi systemu raf Fury Shoal&#8221; text=&#8221;Niezale\u017cnie od pory dnia podczas kt\u00f3rej ujrzysz kt\u00f3r\u0105kolwiek z wiosek nurkowych w Egipcie, z pewno\u015bci\u0105 na chwil\u0119 wstrzymasz oddech. Kawa\u0142ki bia\u0142ego p\u0142\u00f3tna wy\u0142aniaj\u0105ce si\u0119 zza g\u00f3r, usytuowane nad brzegiem lazurowej wody, migocz\u0105ce \u015bcie\u017cki o\u015bwietlone tysi\u0105cami &#8230;<\/p>\n","protected":false},"author":1,"featured_media":0,"parent":0,"menu_order":0,"comment_status":"closed","ping_status":"closed","template":"","meta":{"footnotes":""},"class_list":["post-8818","page","type-page","status-publish","hentry"],"featured_image_src":null,"featured_image_src_square":null,"_links":{"self":[{"href":"https:\/\/lukedivewalker.com\/index.php?rest_route=\/wp\/v2\/pages\/8818","targetHints":{"allow":["GET"]}}],"collection":[{"href":"https:\/\/lukedivewalker.com\/index.php?rest_route=\/wp\/v2\/pages"}],"about":[{"href":"https:\/\/lukedivewalker.com\/index.php?rest_route=\/wp\/v2\/types\/page"}],"author":[{"embeddable":true,"href":"https:\/\/lukedivewalker.com\/index.php?rest_route=\/wp\/v2\/users\/1"}],"replies":[{"embeddable":true,"href":"https:\/\/lukedivewalker.com\/index.php?rest_route=%2Fwp%2Fv2%2Fcomments&post=8818"}],"version-history":[{"count":11,"href":"https:\/\/lukedivewalker.com\/index.php?rest_route=\/wp\/v2\/pages\/8818\/revisions"}],"predecessor-version":[{"id":9787,"href":"https:\/\/lukedivewalker.com\/index.php?rest_route=\/wp\/v2\/pages\/8818\/revisions\/9787"}],"wp:attachment":[{"href":"https:\/\/lukedivewalker.com\/index.php?rest_route=%2Fwp%2Fv2%2Fmedia&parent=8818"}],"curies":[{"name":"wp","href":"https:\/\/api.w.org\/{rel}","templated":true}]}}