{"id":3994,"date":"2023-06-16T11:31:48","date_gmt":"2023-06-16T09:31:48","guid":{"rendered":"http:\/\/w4.themedemo.co\/phoxy\/?page_id=3994"},"modified":"2023-06-30T15:39:19","modified_gmt":"2023-06-30T13:39:19","slug":"lukasz_metrycki_luke_divewalker_o_mnie","status":"publish","type":"page","link":"https:\/\/lukedivewalker.com\/?page_id=3994","title":{"rendered":"O mnie"},"content":{"rendered":"<p>[vc_row full_width=&#8221;stretch_row_content_no_spaces&#8221;][vc_column][phoxy_contacts style=&#8221;parallax_content&#8221; image=&#8221;9716&#8243;]<\/p>\n<h3>\u0141ukasz Metrycki vel Luke Divewalker<\/h3>\n<p>\u201eDawno, dawno temu w odleg\u0142ej galaktyce&#8230;\u201d<\/p>\n<p>&#8230; by\u0142 chaos&#8230; czyli nat\u0142ok my\u015bli i zachwyt\u00f3w po moim pierwszym zanurzeniu g\u0142owy pod wod\u0119 w 2005 roku w postaci INTRO na wakacjach w Egipcie.<br \/>\nJu\u017c wtedy ca\u0142kowicie si\u0119 \u201ezatopi\u0142em\u201d w podwodnym \u015bwiecie i chcia\u0142em, \u017ceby odbija\u0142 on coraz wi\u0119ksze pi\u0119tno na moim \u017cyciu. Dwa lata p\u00f3\u017aniej zrobi\u0142em kurs OWD, kt\u00f3ry dosta\u0142em w ramach prezentu z okazji 18 urodzin, a z czasem pojawia\u0142y si\u0119 kolejne kursy i doskonalenie umiej\u0119tno\u015bci.<\/p>\n<p>\u201eFotografia\u201d pojawi\u0142a si\u0119 niewiele p\u00f3\u017aniej, ale pocz\u0105tkowo w formie jednorazowego podwodnego \u201ekodaka\u201d z kt\u00f3rego zdj\u0119cia wychodzi\u0142y osza\u0142amiaj\u2026..\u0105co niebieskie \ud83d\ude09 Potem przechodzi\u0142em etapy kompaktowego Sony, GoPro, Canona, a\u017c do teraz, gdy u\u017cywam bezlusterkowca Sony z obudow\u0105 SaltedLine i lampami Inon.<\/p>\n<p>Nie jestem wielbicielem jednego typu nurkowania, cho\u0107 najwi\u0119ksz\u0105 s\u0142abo\u015b\u0107 mam na ten moment \u2013 do du\u017cych zwierz\u0105t pelagicznych. Wyspy Galapagos by\u0142y do tej pory moj\u0105 najlepsz\u0105 okazj\u0105 do sfotografowania tak wielu gatunk\u00f3w morskiej fauny (rekin\u00f3w wielorybich, mola-mola, kormoran\u00f3w (!) czy endemit\u00f3w taki jak legwan morski) i zajrzenia rekinom m\u0142otom\u2026 prosto w oczy;)<\/p>\n<p>Kraje, w kt\u00f3rych mia\u0142em okazj\u0119 nurkowa\u0107: Polska, Niemcy, Dania, Chorwacja, Egipt, Malediwy, Meksyk, Kuba, Tajlandia, Ekwador (Galapagos), a plany na kolejne destynacje \u2013 ju\u017c si\u0119 krystalizuj\u0105.<\/p>\n<p>Pasj\u0119 nurkowo fotograficzn\u0105 dziel\u0119 ze swoj\u0105 buddy, kt\u00f3ra wkr\u00f3tce b\u0119dzie tak\u017ce moj\u0105 \u017con\u0105 \u263a<br \/>\nZdj\u0119cia z moich nurkowa\u0144 mo\u017cna od niedawna ogl\u0105da\u0107 na ramach dwumiesi\u0119cznika nurkowego Perfect Diver gdzie jestem sta\u0142ym wsp\u00f3\u0142pracownikiem.<\/p>\n<p><img loading=\"lazy\" decoding=\"async\" class=\"alignnone size-medium wp-image-9811\" src=\"https:\/\/lukedivewalker.com\/wp-content\/uploads\/2023\/06\/luke_divewalker_logo_icon-1-300x300.png\" alt=\"luke_diwewalker_lukasz_metrycki_logo\" width=\"300\" height=\"300\" srcset=\"https:\/\/lukedivewalker.com\/wp-content\/uploads\/2023\/06\/luke_divewalker_logo_icon-1-300x300.png 300w, https:\/\/lukedivewalker.com\/wp-content\/uploads\/2023\/06\/luke_divewalker_logo_icon-1-150x150.png 150w, https:\/\/lukedivewalker.com\/wp-content\/uploads\/2023\/06\/luke_divewalker_logo_icon-1-500x500.png 500w, https:\/\/lukedivewalker.com\/wp-content\/uploads\/2023\/06\/luke_divewalker_logo_icon-1.png 512w\" sizes=\"auto, (max-width: 300px) 100vw, 300px\" \/>[\/phoxy_contacts][\/vc_column][\/vc_row]<\/p>\n","protected":false},"excerpt":{"rendered":"<p>[vc_row full_width=&#8221;stretch_row_content_no_spaces&#8221;][vc_column][phoxy_contacts style=&#8221;parallax_content&#8221; image=&#8221;9716&#8243;] \u0141ukasz Metrycki vel Luke Divewalker \u201eDawno, dawno temu w odleg\u0142ej galaktyce&#8230;\u201d &#8230; by\u0142 chaos&#8230; czyli nat\u0142ok my\u015bli i zachwyt\u00f3w po moim pierwszym zanurzeniu g\u0142owy pod wod\u0119 w 2005 roku w postaci INTRO na wakacjach w Egipcie. Ju\u017c wtedy ca\u0142kowicie si\u0119 \u201ezatopi\u0142em\u201d w podwodnym \u015bwiecie i chcia\u0142em, \u017ceby odbija\u0142 on coraz wi\u0119ksze &#8230;<\/p>\n","protected":false},"author":1,"featured_media":0,"parent":0,"menu_order":0,"comment_status":"closed","ping_status":"closed","template":"","meta":{"footnotes":""},"class_list":["post-3994","page","type-page","status-publish","hentry"],"featured_image_src":null,"featured_image_src_square":null,"_links":{"self":[{"href":"https:\/\/lukedivewalker.com\/index.php?rest_route=\/wp\/v2\/pages\/3994","targetHints":{"allow":["GET"]}}],"collection":[{"href":"https:\/\/lukedivewalker.com\/index.php?rest_route=\/wp\/v2\/pages"}],"about":[{"href":"https:\/\/lukedivewalker.com\/index.php?rest_route=\/wp\/v2\/types\/page"}],"author":[{"embeddable":true,"href":"https:\/\/lukedivewalker.com\/index.php?rest_route=\/wp\/v2\/users\/1"}],"replies":[{"embeddable":true,"href":"https:\/\/lukedivewalker.com\/index.php?rest_route=%2Fwp%2Fv2%2Fcomments&post=3994"}],"version-history":[{"count":29,"href":"https:\/\/lukedivewalker.com\/index.php?rest_route=\/wp\/v2\/pages\/3994\/revisions"}],"predecessor-version":[{"id":9812,"href":"https:\/\/lukedivewalker.com\/index.php?rest_route=\/wp\/v2\/pages\/3994\/revisions\/9812"}],"wp:attachment":[{"href":"https:\/\/lukedivewalker.com\/index.php?rest_route=%2Fwp%2Fv2%2Fmedia&parent=3994"}],"curies":[{"name":"wp","href":"https:\/\/api.w.org\/{rel}","templated":true}]}}