{"id":3444,"date":"2023-06-08T15:55:40","date_gmt":"2023-06-08T13:55:40","guid":{"rendered":"http:\/\/w4.themedemo.co\/phoxy\/?page_id=3444"},"modified":"2023-07-02T20:40:14","modified_gmt":"2023-07-02T18:40:14","slug":"lukasz_metrycki_luke_divewalker_kontakt","status":"publish","type":"page","link":"https:\/\/lukedivewalker.com\/?page_id=3444","title":{"rendered":"Kontakt"},"content":{"rendered":"<p>[vc_row full_width=&#8221;stretch_row_content_no_spaces&#8221; full_height=&#8221;yes&#8221; columns_placement=&#8221;top&#8221;][vc_column][phoxy_banner style_banner=&#8221;parallax&#8221; height=&#8221;full&#8221; overlay=&#8221;yes&#8221; title=&#8221;KONTAKT&#8221; image=&#8221;9462&#8243; text=&#8221;mail: lukasz.metrycki@gmail.com<br \/>\ntel. +48600458718<br \/>\nig: luke.divewalker<\/p>\n<p>Szukasz fotografa do prywatnych sesji lub oprawy foto na eventrach?<\/p>\n<p>Chcesz zareklamowa\u0107 produkt lub zrobi\u0107 kampani\u0119?<\/p>\n<p>Jeste\u015b we w\u0142a\u015bciwym miejscu!&#8221; subtitle=&#8221;\u0141ukasz Metrycki&#8221;][\/vc_column][\/vc_row]<\/p>\n","protected":false},"excerpt":{"rendered":"<p>[vc_row full_width=&#8221;stretch_row_content_no_spaces&#8221; full_height=&#8221;yes&#8221; columns_placement=&#8221;top&#8221;][vc_column][phoxy_banner style_banner=&#8221;parallax&#8221; height=&#8221;full&#8221; overlay=&#8221;yes&#8221; title=&#8221;KONTAKT&#8221; image=&#8221;9462&#8243; text=&#8221;mail: lukasz.metrycki@gmail.com tel. +48600458718 ig: luke.divewalker Szukasz fotografa do prywatnych sesji lub oprawy foto na eventrach? Chcesz zareklamowa\u0107 produkt lub zrobi\u0107 kampani\u0119? Jeste\u015b we w\u0142a\u015bciwym miejscu!&#8221; subtitle=&#8221;\u0141ukasz Metrycki&#8221;][\/vc_column][\/vc_row]<\/p>\n","protected":false},"author":1,"featured_media":0,"parent":0,"menu_order":0,"comment_status":"closed","ping_status":"closed","template":"","meta":{"footnotes":""},"class_list":["post-3444","page","type-page","status-publish","hentry"],"featured_image_src":null,"featured_image_src_square":null,"_links":{"self":[{"href":"https:\/\/lukedivewalker.com\/index.php?rest_route=\/wp\/v2\/pages\/3444","targetHints":{"allow":["GET"]}}],"collection":[{"href":"https:\/\/lukedivewalker.com\/index.php?rest_route=\/wp\/v2\/pages"}],"about":[{"href":"https:\/\/lukedivewalker.com\/index.php?rest_route=\/wp\/v2\/types\/page"}],"author":[{"embeddable":true,"href":"https:\/\/lukedivewalker.com\/index.php?rest_route=\/wp\/v2\/users\/1"}],"replies":[{"embeddable":true,"href":"https:\/\/lukedivewalker.com\/index.php?rest_route=%2Fwp%2Fv2%2Fcomments&post=3444"}],"version-history":[{"count":23,"href":"https:\/\/lukedivewalker.com\/index.php?rest_route=\/wp\/v2\/pages\/3444\/revisions"}],"predecessor-version":[{"id":9605,"href":"https:\/\/lukedivewalker.com\/index.php?rest_route=\/wp\/v2\/pages\/3444\/revisions\/9605"}],"wp:attachment":[{"href":"https:\/\/lukedivewalker.com\/index.php?rest_route=%2Fwp%2Fv2%2Fmedia&parent=3444"}],"curies":[{"name":"wp","href":"https:\/\/api.w.org\/{rel}","templated":true}]}}